{"id":27,"date":"2019-01-04T15:40:16","date_gmt":"2019-01-04T14:40:16","guid":{"rendered":"https:\/\/blog.steiner.systems\/?page_id=27"},"modified":"2019-01-04T15:43:26","modified_gmt":"2019-01-04T14:43:26","slug":"in-eigener-sache","status":"publish","type":"page","link":"https:\/\/blog.steiner.systems\/?page_id=27","title":{"rendered":"in eigener Sache&#8230;"},"content":{"rendered":"\n<p>Ich muss hier noch schnell ein paar grunds\u00e4tzliche Dinge loswerden. Ich weiss nicht ob es jemand liesst, aber wenn es da ist und es liesst keiner, kann ich sagen, da ist es ja \ud83d\ude09<\/p>\n\n\n\n<p>Die von mir hier genannten Tips, Anleitungen &#8211; was auch immer &#8211; sind nicht immer aus meinem Geist entstanden. Im Gegenteil, ich bin der typische Copy&amp;Paster. Wenn ich die Quelle kenne, werde ich sie angeben. Wenn ich es einmal vers\u00e4umen sollte oder nicht mehr weiss, bitte ich die fehlenden Quellen zu entschuldigen.<\/p>\n\n\n\n<p>Alles, was hier steht, steht hier ohne jegliche Garantie, dass es bei euch genau so funktioniert, wie bei mir. Alles was ihr macht, macht ihr immer auf <strong>eigene Gefahr<\/strong>.  Es kann auch mal passieren, dass sich Fehler einschleichen &#8211; nobody&#8217;s perfect. <\/p>\n\n\n\n<p>Zu guter Letzt: Hauptaufgabe von dem Blog ist es, ein pers\u00f6nliches Nachschlagewerk f\u00fcr mich zu sein. Wenn Andere n\u00fctzliche Informationen finden &#8211; nur zu &#8211; aber grunds\u00e4tzlich ist es nur ein Ersatz f\u00fcr meinen m\u00fcrben Sch\u00e4del, damit ich nicht alles immer wieder zusammensuchen muss. Daher kann es passieren, dass oftmals nur paar Schnipsel hier rumliegen. Wer was damit anfangen kann &#8211; gut &#8211; wer nicht &#8211; nachfragen, vielleicht erg\u00e4nze ich den Beitrag, wenn die Zeit es zul\u00e4sst.<\/p>\n\n\n\n<p>&#8230; in diesem Sinne &#8211; happy blogging \ud83d\ude09<br><\/p>\n","protected":false},"excerpt":{"rendered":"<p>Ich muss hier noch schnell ein paar grunds\u00e4tzliche Dinge loswerden. Ich weiss nicht ob es jemand liesst, aber wenn es da ist und es liesst keiner, kann ich sagen, da ist es ja \ud83d\ude09 Die von mir hier genannten Tips, &hellip; <a href=\"https:\/\/blog.steiner.systems\/?page_id=27\">Weiterlesen <span class=\"meta-nav\">&rarr;<\/span><\/a><\/p>\n","protected":false},"author":1,"featured_media":0,"parent":0,"menu_order":1,"comment_status":"open","ping_status":"closed","template":"","meta":{"footnotes":""},"_links":{"self":[{"href":"https:\/\/blog.steiner.systems\/index.php?rest_route=\/wp\/v2\/pages\/27"}],"collection":[{"href":"https:\/\/blog.steiner.systems\/index.php?rest_route=\/wp\/v2\/pages"}],"about":[{"href":"https:\/\/blog.steiner.systems\/index.php?rest_route=\/wp\/v2\/types\/page"}],"author":[{"embeddable":true,"href":"https:\/\/blog.steiner.systems\/index.php?rest_route=\/wp\/v2\/users\/1"}],"replies":[{"embeddable":true,"href":"https:\/\/blog.steiner.systems\/index.php?rest_route=%2Fwp%2Fv2%2Fcomments&post=27"}],"version-history":[{"count":1,"href":"https:\/\/blog.steiner.systems\/index.php?rest_route=\/wp\/v2\/pages\/27\/revisions"}],"predecessor-version":[{"id":28,"href":"https:\/\/blog.steiner.systems\/index.php?rest_route=\/wp\/v2\/pages\/27\/revisions\/28"}],"wp:attachment":[{"href":"https:\/\/blog.steiner.systems\/index.php?rest_route=%2Fwp%2Fv2%2Fmedia&parent=27"}],"curies":[{"name":"wp","href":"https:\/\/api.w.org\/{rel}","templated":true}]}}